{"id":203,"date":"2021-12-22T14:45:13","date_gmt":"2021-12-22T14:45:13","guid":{"rendered":"http:\/\/eske.hu\/palyazat\/?page_id=203"},"modified":"2021-12-22T15:22:11","modified_gmt":"2021-12-22T15:22:11","slug":"vca-kp-1-2021-1-000053","status":"publish","type":"page","link":"http:\/\/eske.hu\/palyazat\/vca-kp-1-2021-1-000053\/","title":{"rendered":"VCA-KP-1-2021\/1-000053"},"content":{"rendered":"<p>A p\u00e1ly\u00e1zat c\u00e9lja, hogy egyes\u00fclet\u00fcnk megv\u00e1s\u00e1rolhassa els\u0151 saj\u00e1t tulajdon\u00fa ingatlan\u00e1t. A sz\u00e9khely\u00fcnk \u00e9s a telephely\u00fcnk is a legh\u00e1tr\u00e1nyosabb helyzet\u0171 Sarkadi J\u00e1r\u00e1sban tal\u00e1lhat\u00f3, Sarkad v\u00e1ros\u00e1ban, ez\u00e9rt itt tervezz\u00fck a v\u00e1s\u00e1rl\u00e1st is. K\u00f6zleked\u00e9si szempontb\u00f3l optim\u00e1lis az ingatlan elhelyezked\u00e9se, Sarkad eg\u00e9sz ter\u00fclet\u00e9n ingyenes a parkol\u00e1s, k\u00f6zvetlen k\u00f6zel j\u00e1rda \u00e9s ker\u00e9kp\u00e1r\u00fat tal\u00e1lhat\u00f3, buszp\u00e1lyaudvar \u00e9s vas\u00fat\u00e1llom\u00e1s 1km-en bel\u00fcl el\u00e9rhet\u0151.<\/p>\n<p>A t\u00e9rs\u00e9gben jelenleg l\u00e1togathat\u00f3 k\u00f6z\u00f6ss\u00e9gi terek munkaid\u0151ben tartanak nyitva, ez\u00e1ltal jelent\u0151sen lesz\u0171k\u00fcl a konzult\u00e1ci\u00f3s lehet\u0151s\u00e9g a munkav\u00e1llal\u00f3kkal, amely probl\u00e9m\u00e1t a saj\u00e1t ingatlan teljes eg\u00e9sz\u00e9ben megsz\u00fcntetheti. A 0-24 \u00f3r\u00e1s el\u00e9rhet\u0151s\u00e9gnek k\u00f6sz\u00f6nhet\u0151en t\u00f6bb \u00e9s differenci\u00e1ltabb k\u00fcls\u0151 \u00e9s bels\u0151 esem\u00e9nyeket tudunk megval\u00f3s\u00edtani. A tev\u00e9kenys\u00e9gi k\u00f6r sz\u00e9les\u00edt\u00e9se, a c\u00e9lcsoportok b\u0151v\u00edt\u00e9se \u00e1ltal n\u00f6velni tudjuk az \u00f6nk\u00e9ntess\u00e9g szerep\u00e9t a t\u00e9rs\u00e9gben, biztos\u00edtani tudjuk a szervezet\u00fcnk hossz\u00fa t\u00e1v\u00fa fenntart\u00e1s\u00e1t.<\/p>\n<p>Az egyes\u00fclet f\u0151tev\u00e9kenys\u00e9gi ter\u00fcletei az eg\u00e9szs\u00e9gfejleszt\u00e9s \u00f6szt\u00f6nz\u00e9se, a rendszeres sportol\u00e1s t\u00e1mogat\u00e1sa, a kultur\u00e1lis \u00e9rt\u00e9keink megismertet\u00e9se, fejleszt\u00e9se. Az Egyes\u00fclet t\u00f6bb telep\u00fcl\u00e9sen szervez rendszeresen foglalkoz\u00e1sokat (pilates, gerinc j\u00f3ga, stretching, step aerobic, zumba \u00e9s jumpfitness edz\u00e9sek), mindamellett lehet\u0151s\u00e9geinkhez m\u00e9rten eg\u00e9szs\u00e9gmeg\u0151rz\u0151 programokat, sportnapokat szervez\u00fcnk (ny\u00e1ri fogy\u00f3k\u00fara-t\u00e1bor, \u00e9letm\u00f3d t\u00e1bor), vagy partnerk\u00e9nt (gyermeknapok) seg\u00edtj\u00fck azok megval\u00f3s\u00edt\u00e1s\u00e1t.<\/p>\n<p>Sikeres t\u00e1rgyal\u00e1st k\u00f6vet\u0151en az ingatlan 2021. szeptember 16. napj\u00e1n megv\u00e1s\u00e1rl\u00e1sra ker\u00fclt.<\/p>\n<p>Az ingatlan j\u00f3l frekvent\u00e1lt, \u00f6sszkomfortos, 97 m2 alapter\u00fclettel rendelkezik.<\/p>\n<p>Meg\u00edt\u00e9lt t\u00e1mogat\u00e1si \u00f6sszeg: 8.000.000 Forint<\/p>\n<p><img loading=\"lazy\" class=\"aligncenter size-large wp-image-211\" src=\"http:\/\/eske.hu\/palyazat\/wp-content\/uploads\/2021\/12\/3-724x1024.jpg\" alt=\"\" width=\"724\" height=\"1024\" srcset=\"http:\/\/eske.hu\/palyazat\/wp-content\/uploads\/2021\/12\/3-724x1024.jpg 724w, http:\/\/eske.hu\/palyazat\/wp-content\/uploads\/2021\/12\/3-212x300.jpg 212w, http:\/\/eske.hu\/palyazat\/wp-content\/uploads\/2021\/12\/3-768x1086.jpg 768w, http:\/\/eske.hu\/palyazat\/wp-content\/uploads\/2021\/12\/3-1086x1536.jpg 1086w, http:\/\/eske.hu\/palyazat\/wp-content\/uploads\/2021\/12\/3-1140x1612.jpg 1140w, http:\/\/eske.hu\/palyazat\/wp-content\/uploads\/2021\/12\/3.jpg 1200w\" sizes=\"(max-width: 724px) 100vw, 724px\" \/><\/p>\n<p>&nbsp;<\/p>\n<p><img loading=\"lazy\" class=\"aligncenter size-full wp-image-205\" src=\"http:\/\/eske.hu\/palyazat\/wp-content\/uploads\/2021\/12\/ME_BGA-1024x414-1.png\" alt=\"\" width=\"1024\" height=\"414\" srcset=\"http:\/\/eske.hu\/palyazat\/wp-content\/uploads\/2021\/12\/ME_BGA-1024x414-1.png 1024w, http:\/\/eske.hu\/palyazat\/wp-content\/uploads\/2021\/12\/ME_BGA-1024x414-1-300x121.png 300w, http:\/\/eske.hu\/palyazat\/wp-content\/uploads\/2021\/12\/ME_BGA-1024x414-1-768x311.png 768w\" sizes=\"(max-width: 1024px) 100vw, 1024px\" \/><\/p>\n","protected":false},"excerpt":{"rendered":"<p>A p\u00e1ly\u00e1zat c\u00e9lja, hogy egyes\u00fclet\u00fcnk megv\u00e1s\u00e1rolhassa els\u0151 saj\u00e1t tulajdon\u00fa ingatlan\u00e1t. A sz\u00e9khely\u00fcnk \u00e9s a telephely\u00fcnk is a legh\u00e1tr\u00e1nyosabb helyzet\u0171 Sarkadi J\u00e1r\u00e1sban tal\u00e1lhat\u00f3, Sarkad v\u00e1ros\u00e1ban, ez\u00e9rt itt tervezz\u00fck a v\u00e1s\u00e1rl\u00e1st is. K\u00f6zleked\u00e9si szempontb\u00f3l optim\u00e1lis az ingatlan elhelyezked\u00e9se, Sarkad eg\u00e9sz ter\u00fclet\u00e9n ingyenes a parkol\u00e1s, k\u00f6zvetlen k\u00f6zel j\u00e1rda \u00e9s ker\u00e9kp\u00e1r\u00fat tal\u00e1lhat\u00f3, buszp\u00e1lyaudvar \u00e9s vas\u00fat\u00e1llom\u00e1s 1km-en bel\u00fcl el\u00e9rhet\u0151. A t\u00e9rs\u00e9gben jelenleg l\u00e1togathat\u00f3 k\u00f6z\u00f6ss\u00e9gi terek munkaid\u0151ben tartanak nyitva, ez\u00e1ltal jelent\u0151sen lesz\u0171k\u00fcl a konzult\u00e1ci\u00f3s lehet\u0151s\u00e9g a munkav\u00e1llal\u00f3kkal, amely probl\u00e9m\u00e1t a saj\u00e1t ingatlan teljes eg\u00e9sz\u00e9ben megsz\u00fcntetheti. A 0-24 \u00f3r\u00e1s el\u00e9rhet\u0151s\u00e9gnek k\u00f6sz\u00f6nhet\u0151en t\u00f6bb \u00e9s differenci\u00e1ltabb k\u00fcls\u0151 \u00e9s bels\u0151 esem\u00e9nyeket tudunk megval\u00f3s\u00edtani. A tev\u00e9kenys\u00e9gi k\u00f6r sz\u00e9les\u00edt\u00e9se, a c\u00e9lcsoportok b\u0151v\u00edt\u00e9se \u00e1ltal n\u00f6velni tudjuk az \u00f6nk\u00e9ntess\u00e9g szerep\u00e9t a t\u00e9rs\u00e9gben, biztos\u00edtani tudjuk a szervezet\u00fcnk hossz\u00fa t\u00e1v\u00fa fenntart\u00e1s\u00e1t. Az egyes\u00fclet f\u0151tev\u00e9kenys\u00e9gi ter\u00fcletei az eg\u00e9szs\u00e9gfejleszt\u00e9s \u00f6szt\u00f6nz\u00e9se, a rendszeres sportol\u00e1s t\u00e1mogat\u00e1sa, a kultur\u00e1lis \u00e9rt\u00e9keink megismertet\u00e9se, fejleszt\u00e9se. Az Egyes\u00fclet t\u00f6bb telep\u00fcl\u00e9sen szervez rendszeresen foglalkoz\u00e1sokat (pilates, gerinc j\u00f3ga, stretching, step aerobic, zumba \u00e9s jumpfitness edz\u00e9sek), mindamellett lehet\u0151s\u00e9geinkhez m\u00e9rten eg\u00e9szs\u00e9gmeg\u0151rz\u0151 programokat, sportnapokat szervez\u00fcnk (ny\u00e1ri fogy\u00f3k\u00fara-t\u00e1bor, \u00e9letm\u00f3d t\u00e1bor), vagy partnerk\u00e9nt (gyermeknapok) seg\u00edtj\u00fck azok megval\u00f3s\u00edt\u00e1s\u00e1t. Sikeres t\u00e1rgyal\u00e1st k\u00f6vet\u0151en az ingatlan 2021. szeptember 16. napj\u00e1n megv\u00e1s\u00e1rl\u00e1sra ker\u00fclt. Az ingatlan j\u00f3l frekvent\u00e1lt, \u00f6sszkomfortos, 97 m2 alapter\u00fclettel rendelkezik. Meg\u00edt\u00e9lt t\u00e1mogat\u00e1si \u00f6sszeg: 8.000.000 Forint &nbsp;<\/p>\n","protected":false},"author":1,"featured_media":0,"parent":0,"menu_order":0,"comment_status":"closed","ping_status":"closed","template":"","meta":{"ngg_post_thumbnail":0},"_links":{"self":[{"href":"http:\/\/eske.hu\/palyazat\/wp-json\/wp\/v2\/pages\/203"}],"collection":[{"href":"http:\/\/eske.hu\/palyazat\/wp-json\/wp\/v2\/pages"}],"about":[{"href":"http:\/\/eske.hu\/palyazat\/wp-json\/wp\/v2\/types\/page"}],"author":[{"embeddable":true,"href":"http:\/\/eske.hu\/palyazat\/wp-json\/wp\/v2\/users\/1"}],"replies":[{"embeddable":true,"href":"http:\/\/eske.hu\/palyazat\/wp-json\/wp\/v2\/comments?post=203"}],"version-history":[{"count":5,"href":"http:\/\/eske.hu\/palyazat\/wp-json\/wp\/v2\/pages\/203\/revisions"}],"predecessor-version":[{"id":212,"href":"http:\/\/eske.hu\/palyazat\/wp-json\/wp\/v2\/pages\/203\/revisions\/212"}],"wp:attachment":[{"href":"http:\/\/eske.hu\/palyazat\/wp-json\/wp\/v2\/media?parent=203"}],"curies":[{"name":"wp","href":"https:\/\/api.w.org\/{rel}","templated":true}]}}