{"id":214,"date":"2022-01-18T13:16:18","date_gmt":"2022-01-18T13:16:18","guid":{"rendered":"http:\/\/eske.hu\/palyazat\/?page_id=214"},"modified":"2022-01-18T13:34:35","modified_gmt":"2022-01-18T13:34:35","slug":"vcae-kp-2-2021-1-000027","status":"publish","type":"page","link":"http:\/\/eske.hu\/palyazat\/vcae-kp-2-2021-1-000027\/","title":{"rendered":"VCAE-KP-2-2021\/1-000027"},"content":{"rendered":"<p>Az Eg\u00e9szs\u00e9g\u00fcnk\u00e9rt Sport- \u00e9s Kultur\u00e1lis Egyes\u00fclet 2021. augusztus 5-\u00e9n kapta meg a T\u00e1mogat\u00f3 Okiratot, amely alapj\u00e1n Bethlen G\u00e1bor Alapkezel\u0151 Zrt. t\u00e1mogat\u00e1sban r\u00e9szes\u00edtett a beny\u00fajtott projektterv\u00fcnket.<\/p>\n<p>A J\u00e1r\u00e1si szint\u0171 eg\u00e9szs\u00e9g\u00fcgyi- \u00e9s sportnap szervez\u00e9se t\u00e1rgy\u00e1ban \u00e9rkezett t\u00e1mogat\u00e1s azonos\u00edt\u00f3 sz\u00e1ma <strong>VCAE-KP-2-2021\/1-000027<\/strong>.<\/p>\n<p>A projekt c\u00e9lja, hogy 2021. \u0151sz\u00e9n komplex Sarkadi j\u00e1r\u00e1si szint\u0171 sportnapot szervezzen az egyes\u00fclet eg\u00e9szs\u00e9g\u00fcgyi, prevenci\u00f3s elemekkel a lakoss\u00e1g minden koroszt\u00e1lya sz\u00e1m\u00e1ra.<\/p>\n<p><img loading=\"lazy\" class=\"aligncenter size-full wp-image-215\" src=\"http:\/\/eske.hu\/palyazat\/wp-content\/uploads\/2022\/01\/plakat.jpg\" alt=\"\" width=\"800\" height=\"1125\" srcset=\"http:\/\/eske.hu\/palyazat\/wp-content\/uploads\/2022\/01\/plakat.jpg 800w, http:\/\/eske.hu\/palyazat\/wp-content\/uploads\/2022\/01\/plakat-213x300.jpg 213w, http:\/\/eske.hu\/palyazat\/wp-content\/uploads\/2022\/01\/plakat-728x1024.jpg 728w, http:\/\/eske.hu\/palyazat\/wp-content\/uploads\/2022\/01\/plakat-768x1080.jpg 768w\" sizes=\"(max-width: 800px) 100vw, 800px\" \/><\/p>\n<ol start=\"2021\">\n<li>szeptember 10-\u00e9n p\u00e9nteken ker\u00fclt megtart\u00e1sra a Sarkadi J\u00e1r\u00e1sban a tervezett projekt. Sarkad v\u00e1ros\u00e1ban, t\u00f6bb helysz\u00ednen val\u00f3s\u00edtottuk meg a J\u00e1r\u00e1si szint\u0171 eg\u00e9szs\u00e9g\u00fcgyi- \u00e9s sportnapunkat.<\/li>\n<\/ol>\n<p>&#8211; K\u00d6Z\u00d6S TORNA &#8211; HELYSZ\u00cdN: 5720 Sarkad, Gyulai \u00fat 17.<\/p>\n<p>&#8211; TENISZ VERSENY &#8211; HELYSZ\u00cdN: 5720 Sarkad, Kinizsi Sporttelep<\/p>\n<p>&#8211; KER\u00c9KP\u00c1RT\u00daRA SARKAD-M\u00c9HKER\u00c9KSARKAD<\/p>\n<p>&nbsp;&nbsp;&nbsp; INDUL\u00c1S: 5720 Sarkad, Vas\u00fat utca 1.<\/p>\n<p>&#8211; KORCSOPORTOS K\u00d6Z\u00d6S TORN\u00c1K; \u00cdJ\u00c1SZAT; \u00d6NV\u00c9DELMI&nbsp;&nbsp;&nbsp;&nbsp;<\/p>\n<p>&nbsp;&nbsp; OKTAT\u00c1S; KISP\u00c1LY\u00c1S LABDAR\u00daG\u00d3 KUPA<\/p>\n<p>&nbsp;&nbsp;&nbsp; HELYSZ\u00cdN: 5720 Sarkad, Vas\u00fat utca 2.<\/p>\n<p>&#8211; EG\u00c9SZS\u00c9G\u00dcGYI SZ\u0170R\u00c9S, PREVENCI\u00d3S \u00c9S INTERAKT\u00cdV BEMUTAT\u00d3<\/p>\n<p>&nbsp;&nbsp; HELYSZ\u00cdN: 5720 Sarkad, Vas\u00fat utca 2.<\/p>\n<p>A rendezv\u00e9nyeken a jelenl\u00e9ti \u00edveket 667 f\u0151 \u00edrta al\u00e1 k\u00f6zvetlen\u00fcl, valamint k\u00f6zvetetten \u00f6sszesen k\u00f6zel 1000 f\u0151 volt \u00e9rintett. A ma sor\u00e1n megismerhett\u00e9k az \u00e9rdekl\u0151d\u0151k az egyes sport\u00e1gakat, kipr\u00f3b\u00e1lhatt\u00e1k magukat \u00e9s a partner civil szervezetek tags\u00e1g\u00e1ba bel\u00e9pve, ak\u00e1r a rendszeres sportol\u00e1shoz is csatlakozhattak. Minden \u00e9rdekl\u0151d\u0151nek lehet\u0151s\u00e9ge ny\u00edlt eg\u00e9szs\u00e9gfejleszt\u0151 konzult\u00e1ci\u00f3ra, eg\u00e9szs\u00e9g\u00fcgyi m\u00e9r\u00e9sekre. Az interakt\u00edv sarok keret\u00e9ben folyamatosan t\u00e1j\u00e9koztat\u00f3 filmek vet\u00edt\u00e9s\u00e9re ker\u00fclt sor, valamint demonstr\u00e1ci\u00f3s eszk\u00f6z\u00f6ket lehetett kipr\u00f3b\u00e1lni, p\u00e9ld\u00e1ul: drogos \u00e9s r\u00e9szeg szem\u00fcveget feladatokkal. A helysz\u00ednen sz\u00e9les k\u00f6rben biztos\u00edtottak voltak ingyenesen elvihet\u0151 t\u00e1j\u00e9koztat\u00f3, sz\u00f3r\u00f3anyagok.<\/p>\n<p>Ez\u00faton is k\u00f6sz\u00f6nj\u00fck a partnereknek az akt\u00edv k\u00f6zrem\u0171k\u00f6d\u00e9st \u00e9s a lakoss\u00e1gnak r\u00e9szv\u00e9telt!<\/p>\n<!-- default-view.php -->\n<div\n\tclass=\"ngg-galleryoverview default-view \"\n\tid=\"ngg-gallery-1a0d5aa008b8db30171857b8f915a8c4-1\">\n\n\t\t<!-- Thumbnails -->\n\t\t\t\t<div id=\"ngg-image-0\" class=\"ngg-gallery-thumbnail-box \" >\n\t\t\t\t        <div class=\"ngg-gallery-thumbnail\">\n            <a href=\"http:\/\/eske.hu\/palyazat\/wp-content\/gallery\/vcae_kp_2\/Fotok_12.JPG\"\n               title=\"\"\n               data-src=\"http:\/\/eske.hu\/palyazat\/wp-content\/gallery\/vcae_kp_2\/Fotok_12.JPG\"\n               data-thumbnail=\"http:\/\/eske.hu\/palyazat\/wp-content\/gallery\/vcae_kp_2\/thumbs\/thumbs_Fotok_12.JPG\"\n               data-image-id=\"100\"\n               data-title=\"Fotok_12\"\n               data-description=\"\"\n               data-image-slug=\"fotok_12\"\n               class=\"ngg-simplelightbox\" rel=\"1a0d5aa008b8db30171857b8f915a8c4\">\n                <img\n                    title=\"Fotok_12\"\n                    alt=\"Fotok_12\"\n                    src=\"http:\/\/eske.hu\/palyazat\/wp-content\/gallery\/vcae_kp_2\/thumbs\/thumbs_Fotok_12.JPG\"\n                    width=\"240\"\n                    height=\"160\"\n                    style=\"max-width:100%;\"\n                \/>\n            <\/a>\n        <\/div>\n\t\t\t\t\t\t\t<\/div> \n\t\t\t\n\t\t\t\t<div id=\"ngg-image-1\" class=\"ngg-gallery-thumbnail-box \" >\n\t\t\t\t        <div class=\"ngg-gallery-thumbnail\">\n            <a href=\"http:\/\/eske.hu\/palyazat\/wp-content\/gallery\/vcae_kp_2\/Fotok_13.JPG\"\n               title=\"\"\n               data-src=\"http:\/\/eske.hu\/palyazat\/wp-content\/gallery\/vcae_kp_2\/Fotok_13.JPG\"\n               data-thumbnail=\"http:\/\/eske.hu\/palyazat\/wp-content\/gallery\/vcae_kp_2\/thumbs\/thumbs_Fotok_13.JPG\"\n               data-image-id=\"101\"\n               data-title=\"Fotok_13\"\n               data-description=\"\"\n               data-image-slug=\"fotok_13\"\n               class=\"ngg-simplelightbox\" rel=\"1a0d5aa008b8db30171857b8f915a8c4\">\n                <img\n                    title=\"Fotok_13\"\n                    alt=\"Fotok_13\"\n                    src=\"http:\/\/eske.hu\/palyazat\/wp-content\/gallery\/vcae_kp_2\/thumbs\/thumbs_Fotok_13.JPG\"\n                    width=\"240\"\n                    height=\"160\"\n                    style=\"max-width:100%;\"\n                \/>\n            <\/a>\n        <\/div>\n\t\t\t\t\t\t\t<\/div> \n\t\t\t\n\t\t\t\t<div id=\"ngg-image-2\" class=\"ngg-gallery-thumbnail-box \" >\n\t\t\t\t        <div class=\"ngg-gallery-thumbnail\">\n            <a href=\"http:\/\/eske.hu\/palyazat\/wp-content\/gallery\/vcae_kp_2\/Fotok_1.JPG\"\n               title=\"\"\n               data-src=\"http:\/\/eske.hu\/palyazat\/wp-content\/gallery\/vcae_kp_2\/Fotok_1.JPG\"\n               data-thumbnail=\"http:\/\/eske.hu\/palyazat\/wp-content\/gallery\/vcae_kp_2\/thumbs\/thumbs_Fotok_1.JPG\"\n               data-image-id=\"102\"\n               data-title=\"Fotok_1\"\n               data-description=\"\"\n               data-image-slug=\"fotok_1\"\n               class=\"ngg-simplelightbox\" rel=\"1a0d5aa008b8db30171857b8f915a8c4\">\n                <img\n                    title=\"Fotok_1\"\n                    alt=\"Fotok_1\"\n                    src=\"http:\/\/eske.hu\/palyazat\/wp-content\/gallery\/vcae_kp_2\/thumbs\/thumbs_Fotok_1.JPG\"\n                    width=\"240\"\n                    height=\"160\"\n                    style=\"max-width:100%;\"\n                \/>\n            <\/a>\n        <\/div>\n\t\t\t\t\t\t\t<\/div> \n\t\t\t\n\t\t\t\t<div id=\"ngg-image-3\" class=\"ngg-gallery-thumbnail-box \" >\n\t\t\t\t        <div class=\"ngg-gallery-thumbnail\">\n            <a href=\"http:\/\/eske.hu\/palyazat\/wp-content\/gallery\/vcae_kp_2\/Fotok_2.JPG\"\n               title=\"\"\n               data-src=\"http:\/\/eske.hu\/palyazat\/wp-content\/gallery\/vcae_kp_2\/Fotok_2.JPG\"\n               data-thumbnail=\"http:\/\/eske.hu\/palyazat\/wp-content\/gallery\/vcae_kp_2\/thumbs\/thumbs_Fotok_2.JPG\"\n               data-image-id=\"103\"\n               data-title=\"Fotok_2\"\n               data-description=\"\"\n               data-image-slug=\"fotok_2\"\n               class=\"ngg-simplelightbox\" rel=\"1a0d5aa008b8db30171857b8f915a8c4\">\n                <img\n                    title=\"Fotok_2\"\n                    alt=\"Fotok_2\"\n                    src=\"http:\/\/eske.hu\/palyazat\/wp-content\/gallery\/vcae_kp_2\/thumbs\/thumbs_Fotok_2.JPG\"\n                    width=\"240\"\n                    height=\"160\"\n                    style=\"max-width:100%;\"\n                \/>\n            <\/a>\n        <\/div>\n\t\t\t\t\t\t\t<\/div> \n\t\t\t\n\t\t\t\t<div id=\"ngg-image-4\" class=\"ngg-gallery-thumbnail-box \" >\n\t\t\t\t        <div class=\"ngg-gallery-thumbnail\">\n            <a href=\"http:\/\/eske.hu\/palyazat\/wp-content\/gallery\/vcae_kp_2\/Fotok_3.JPG\"\n               title=\"\"\n               data-src=\"http:\/\/eske.hu\/palyazat\/wp-content\/gallery\/vcae_kp_2\/Fotok_3.JPG\"\n               data-thumbnail=\"http:\/\/eske.hu\/palyazat\/wp-content\/gallery\/vcae_kp_2\/thumbs\/thumbs_Fotok_3.JPG\"\n               data-image-id=\"104\"\n               data-title=\"Fotok_3\"\n               data-description=\"\"\n               data-image-slug=\"fotok_3\"\n               class=\"ngg-simplelightbox\" rel=\"1a0d5aa008b8db30171857b8f915a8c4\">\n                <img\n                    title=\"Fotok_3\"\n                    alt=\"Fotok_3\"\n                    src=\"http:\/\/eske.hu\/palyazat\/wp-content\/gallery\/vcae_kp_2\/thumbs\/thumbs_Fotok_3.JPG\"\n                    width=\"240\"\n                    height=\"160\"\n                    style=\"max-width:100%;\"\n                \/>\n            <\/a>\n        <\/div>\n\t\t\t\t\t\t\t<\/div> \n\t\t\t\n\t\t\t\t<div id=\"ngg-image-5\" class=\"ngg-gallery-thumbnail-box \" >\n\t\t\t\t        <div class=\"ngg-gallery-thumbnail\">\n            <a href=\"http:\/\/eske.hu\/palyazat\/wp-content\/gallery\/vcae_kp_2\/Fotok_4.JPG\"\n               title=\"\"\n               data-src=\"http:\/\/eske.hu\/palyazat\/wp-content\/gallery\/vcae_kp_2\/Fotok_4.JPG\"\n               data-thumbnail=\"http:\/\/eske.hu\/palyazat\/wp-content\/gallery\/vcae_kp_2\/thumbs\/thumbs_Fotok_4.JPG\"\n               data-image-id=\"105\"\n               data-title=\"Fotok_4\"\n               data-description=\"\"\n               data-image-slug=\"fotok_4\"\n               class=\"ngg-simplelightbox\" rel=\"1a0d5aa008b8db30171857b8f915a8c4\">\n                <img\n                    title=\"Fotok_4\"\n                    alt=\"Fotok_4\"\n                    src=\"http:\/\/eske.hu\/palyazat\/wp-content\/gallery\/vcae_kp_2\/thumbs\/thumbs_Fotok_4.JPG\"\n                    width=\"240\"\n                    height=\"160\"\n                    style=\"max-width:100%;\"\n                \/>\n            <\/a>\n        <\/div>\n\t\t\t\t\t\t\t<\/div> \n\t\t\t\n\t\t\t\t<div id=\"ngg-image-6\" class=\"ngg-gallery-thumbnail-box \" >\n\t\t\t\t        <div class=\"ngg-gallery-thumbnail\">\n            <a href=\"http:\/\/eske.hu\/palyazat\/wp-content\/gallery\/vcae_kp_2\/Fotok_5.JPG\"\n               title=\"\"\n               data-src=\"http:\/\/eske.hu\/palyazat\/wp-content\/gallery\/vcae_kp_2\/Fotok_5.JPG\"\n               data-thumbnail=\"http:\/\/eske.hu\/palyazat\/wp-content\/gallery\/vcae_kp_2\/thumbs\/thumbs_Fotok_5.JPG\"\n               data-image-id=\"106\"\n               data-title=\"Fotok_5\"\n               data-description=\"\"\n               data-image-slug=\"fotok_5\"\n               class=\"ngg-simplelightbox\" rel=\"1a0d5aa008b8db30171857b8f915a8c4\">\n                <img\n                    title=\"Fotok_5\"\n                    alt=\"Fotok_5\"\n                    src=\"http:\/\/eske.hu\/palyazat\/wp-content\/gallery\/vcae_kp_2\/thumbs\/thumbs_Fotok_5.JPG\"\n                    width=\"240\"\n                    height=\"160\"\n                    style=\"max-width:100%;\"\n                \/>\n            <\/a>\n        <\/div>\n\t\t\t\t\t\t\t<\/div> \n\t\t\t\n\t\t\t\t<div id=\"ngg-image-7\" class=\"ngg-gallery-thumbnail-box \" >\n\t\t\t\t        <div class=\"ngg-gallery-thumbnail\">\n            <a href=\"http:\/\/eske.hu\/palyazat\/wp-content\/gallery\/vcae_kp_2\/Fotok_6.JPG\"\n               title=\"\"\n               data-src=\"http:\/\/eske.hu\/palyazat\/wp-content\/gallery\/vcae_kp_2\/Fotok_6.JPG\"\n               data-thumbnail=\"http:\/\/eske.hu\/palyazat\/wp-content\/gallery\/vcae_kp_2\/thumbs\/thumbs_Fotok_6.JPG\"\n               data-image-id=\"107\"\n               data-title=\"Fotok_6\"\n               data-description=\"\"\n               data-image-slug=\"fotok_6\"\n               class=\"ngg-simplelightbox\" rel=\"1a0d5aa008b8db30171857b8f915a8c4\">\n                <img\n                    title=\"Fotok_6\"\n                    alt=\"Fotok_6\"\n                    src=\"http:\/\/eske.hu\/palyazat\/wp-content\/gallery\/vcae_kp_2\/thumbs\/thumbs_Fotok_6.JPG\"\n                    width=\"240\"\n                    height=\"160\"\n                    style=\"max-width:100%;\"\n                \/>\n            <\/a>\n        <\/div>\n\t\t\t\t\t\t\t<\/div> \n\t\t\t\n\t\t\t\t<div id=\"ngg-image-8\" class=\"ngg-gallery-thumbnail-box \" >\n\t\t\t\t        <div class=\"ngg-gallery-thumbnail\">\n            <a href=\"http:\/\/eske.hu\/palyazat\/wp-content\/gallery\/vcae_kp_2\/Fotok_7.JPG\"\n               title=\"\"\n               data-src=\"http:\/\/eske.hu\/palyazat\/wp-content\/gallery\/vcae_kp_2\/Fotok_7.JPG\"\n               data-thumbnail=\"http:\/\/eske.hu\/palyazat\/wp-content\/gallery\/vcae_kp_2\/thumbs\/thumbs_Fotok_7.JPG\"\n               data-image-id=\"108\"\n               data-title=\"Fotok_7\"\n               data-description=\"\"\n               data-image-slug=\"fotok_7\"\n               class=\"ngg-simplelightbox\" rel=\"1a0d5aa008b8db30171857b8f915a8c4\">\n                <img\n                    title=\"Fotok_7\"\n                    alt=\"Fotok_7\"\n                    src=\"http:\/\/eske.hu\/palyazat\/wp-content\/gallery\/vcae_kp_2\/thumbs\/thumbs_Fotok_7.JPG\"\n                    width=\"240\"\n                    height=\"160\"\n                    style=\"max-width:100%;\"\n                \/>\n            <\/a>\n        <\/div>\n\t\t\t\t\t\t\t<\/div> \n\t\t\t\n\t\t\t\t<div id=\"ngg-image-9\" class=\"ngg-gallery-thumbnail-box \" >\n\t\t\t\t        <div class=\"ngg-gallery-thumbnail\">\n            <a href=\"http:\/\/eske.hu\/palyazat\/wp-content\/gallery\/vcae_kp_2\/Fotok_8.JPG\"\n               title=\"\"\n               data-src=\"http:\/\/eske.hu\/palyazat\/wp-content\/gallery\/vcae_kp_2\/Fotok_8.JPG\"\n               data-thumbnail=\"http:\/\/eske.hu\/palyazat\/wp-content\/gallery\/vcae_kp_2\/thumbs\/thumbs_Fotok_8.JPG\"\n               data-image-id=\"109\"\n               data-title=\"Fotok_8\"\n               data-description=\"\"\n               data-image-slug=\"fotok_8\"\n               class=\"ngg-simplelightbox\" rel=\"1a0d5aa008b8db30171857b8f915a8c4\">\n                <img\n                    title=\"Fotok_8\"\n                    alt=\"Fotok_8\"\n                    src=\"http:\/\/eske.hu\/palyazat\/wp-content\/gallery\/vcae_kp_2\/thumbs\/thumbs_Fotok_8.JPG\"\n                    width=\"240\"\n                    height=\"160\"\n                    style=\"max-width:100%;\"\n                \/>\n            <\/a>\n        <\/div>\n\t\t\t\t\t\t\t<\/div> \n\t\t\t\n\t\t\t\t<div id=\"ngg-image-10\" class=\"ngg-gallery-thumbnail-box \" >\n\t\t\t\t        <div class=\"ngg-gallery-thumbnail\">\n            <a href=\"http:\/\/eske.hu\/palyazat\/wp-content\/gallery\/vcae_kp_2\/Fotok_9.JPG\"\n               title=\"\"\n               data-src=\"http:\/\/eske.hu\/palyazat\/wp-content\/gallery\/vcae_kp_2\/Fotok_9.JPG\"\n               data-thumbnail=\"http:\/\/eske.hu\/palyazat\/wp-content\/gallery\/vcae_kp_2\/thumbs\/thumbs_Fotok_9.JPG\"\n               data-image-id=\"110\"\n               data-title=\"Fotok_9\"\n               data-description=\"\"\n               data-image-slug=\"fotok_9\"\n               class=\"ngg-simplelightbox\" rel=\"1a0d5aa008b8db30171857b8f915a8c4\">\n                <img\n                    title=\"Fotok_9\"\n                    alt=\"Fotok_9\"\n                    src=\"http:\/\/eske.hu\/palyazat\/wp-content\/gallery\/vcae_kp_2\/thumbs\/thumbs_Fotok_9.JPG\"\n                    width=\"240\"\n                    height=\"160\"\n                    style=\"max-width:100%;\"\n                \/>\n            <\/a>\n        <\/div>\n\t\t\t\t\t\t\t<\/div> \n\t\t\t\n\t\t\t\t<div id=\"ngg-image-11\" class=\"ngg-gallery-thumbnail-box \" >\n\t\t\t\t        <div class=\"ngg-gallery-thumbnail\">\n            <a href=\"http:\/\/eske.hu\/palyazat\/wp-content\/gallery\/vcae_kp_2\/Fotok_10.JPG\"\n               title=\"\"\n               data-src=\"http:\/\/eske.hu\/palyazat\/wp-content\/gallery\/vcae_kp_2\/Fotok_10.JPG\"\n               data-thumbnail=\"http:\/\/eske.hu\/palyazat\/wp-content\/gallery\/vcae_kp_2\/thumbs\/thumbs_Fotok_10.JPG\"\n               data-image-id=\"111\"\n               data-title=\"Fotok_10\"\n               data-description=\"\"\n               data-image-slug=\"fotok_10\"\n               class=\"ngg-simplelightbox\" rel=\"1a0d5aa008b8db30171857b8f915a8c4\">\n                <img\n                    title=\"Fotok_10\"\n                    alt=\"Fotok_10\"\n                    src=\"http:\/\/eske.hu\/palyazat\/wp-content\/gallery\/vcae_kp_2\/thumbs\/thumbs_Fotok_10.JPG\"\n                    width=\"240\"\n                    height=\"160\"\n                    style=\"max-width:100%;\"\n                \/>\n            <\/a>\n        <\/div>\n\t\t\t\t\t\t\t<\/div> \n\t\t\t\n\t\t\t\t<div id=\"ngg-image-12\" class=\"ngg-gallery-thumbnail-box \" >\n\t\t\t\t        <div class=\"ngg-gallery-thumbnail\">\n            <a href=\"http:\/\/eske.hu\/palyazat\/wp-content\/gallery\/vcae_kp_2\/Fotok_11.JPG\"\n               title=\"\"\n               data-src=\"http:\/\/eske.hu\/palyazat\/wp-content\/gallery\/vcae_kp_2\/Fotok_11.JPG\"\n               data-thumbnail=\"http:\/\/eske.hu\/palyazat\/wp-content\/gallery\/vcae_kp_2\/thumbs\/thumbs_Fotok_11.JPG\"\n               data-image-id=\"112\"\n               data-title=\"Fotok_11\"\n               data-description=\"\"\n               data-image-slug=\"fotok_11\"\n               class=\"ngg-simplelightbox\" rel=\"1a0d5aa008b8db30171857b8f915a8c4\">\n                <img\n                    title=\"Fotok_11\"\n                    alt=\"Fotok_11\"\n                    src=\"http:\/\/eske.hu\/palyazat\/wp-content\/gallery\/vcae_kp_2\/thumbs\/thumbs_Fotok_11.JPG\"\n                    width=\"240\"\n                    height=\"160\"\n                    style=\"max-width:100%;\"\n                \/>\n            <\/a>\n        <\/div>\n\t\t\t\t\t\t\t<\/div> \n\t\t\t\n\t\n\t<br style=\"clear: both\" \/>\n\n\t\n\t\t<!-- Pagination -->\n\t<div class='ngg-clear'><\/div>\t<\/div>\n\n<p><img loading=\"lazy\" class=\"size-full wp-image-232 aligncenter\" src=\"http:\/\/eske.hu\/palyazat\/wp-content\/uploads\/2022\/01\/ME_BGA-1024x414-1.png\" alt=\"\" width=\"1024\" height=\"414\" srcset=\"http:\/\/eske.hu\/palyazat\/wp-content\/uploads\/2022\/01\/ME_BGA-1024x414-1.png 1024w, http:\/\/eske.hu\/palyazat\/wp-content\/uploads\/2022\/01\/ME_BGA-1024x414-1-300x121.png 300w, http:\/\/eske.hu\/palyazat\/wp-content\/uploads\/2022\/01\/ME_BGA-1024x414-1-768x311.png 768w\" sizes=\"(max-width: 1024px) 100vw, 1024px\" \/><\/p>\n<p>&nbsp;<\/p>\n","protected":false},"excerpt":{"rendered":"<p>Az Eg\u00e9szs\u00e9g\u00fcnk\u00e9rt Sport- \u00e9s Kultur\u00e1lis Egyes\u00fclet 2021. augusztus 5-\u00e9n kapta meg a T\u00e1mogat\u00f3 Okiratot, amely alapj\u00e1n Bethlen G\u00e1bor Alapkezel\u0151 Zrt. t\u00e1mogat\u00e1sban r\u00e9szes\u00edtett a beny\u00fajtott projektterv\u00fcnket. A J\u00e1r\u00e1si szint\u0171 eg\u00e9szs\u00e9g\u00fcgyi- \u00e9s sportnap szervez\u00e9se t\u00e1rgy\u00e1ban \u00e9rkezett t\u00e1mogat\u00e1s azonos\u00edt\u00f3 sz\u00e1ma VCAE-KP-2-2021\/1-000027. A projekt c\u00e9lja, hogy 2021. \u0151sz\u00e9n komplex Sarkadi j\u00e1r\u00e1si szint\u0171 sportnapot szervezzen az egyes\u00fclet eg\u00e9szs\u00e9g\u00fcgyi, prevenci\u00f3s elemekkel a lakoss\u00e1g minden koroszt\u00e1lya sz\u00e1m\u00e1ra. szeptember 10-\u00e9n p\u00e9nteken ker\u00fclt megtart\u00e1sra a Sarkadi J\u00e1r\u00e1sban a tervezett projekt. Sarkad v\u00e1ros\u00e1ban, t\u00f6bb helysz\u00ednen val\u00f3s\u00edtottuk meg a J\u00e1r\u00e1si szint\u0171 eg\u00e9szs\u00e9g\u00fcgyi- \u00e9s sportnapunkat. &#8211; K\u00d6Z\u00d6S TORNA &#8211; HELYSZ\u00cdN: 5720 Sarkad, Gyulai \u00fat 17. &#8211; TENISZ VERSENY &#8211; HELYSZ\u00cdN: 5720 Sarkad, Kinizsi Sporttelep &#8211; KER\u00c9KP\u00c1RT\u00daRA SARKAD-M\u00c9HKER\u00c9KSARKAD &nbsp;&nbsp;&nbsp; INDUL\u00c1S: 5720 Sarkad, Vas\u00fat utca 1. &#8211; KORCSOPORTOS K\u00d6Z\u00d6S TORN\u00c1K; \u00cdJ\u00c1SZAT; \u00d6NV\u00c9DELMI&nbsp;&nbsp;&nbsp;&nbsp; &nbsp;&nbsp; OKTAT\u00c1S; KISP\u00c1LY\u00c1S LABDAR\u00daG\u00d3 KUPA &nbsp;&nbsp;&nbsp; HELYSZ\u00cdN: 5720 Sarkad, Vas\u00fat utca 2. &#8211; EG\u00c9SZS\u00c9G\u00dcGYI SZ\u0170R\u00c9S, PREVENCI\u00d3S \u00c9S INTERAKT\u00cdV BEMUTAT\u00d3 &nbsp;&nbsp; HELYSZ\u00cdN: 5720 Sarkad, Vas\u00fat utca 2. A rendezv\u00e9nyeken a jelenl\u00e9ti \u00edveket 667 f\u0151 \u00edrta al\u00e1 k\u00f6zvetlen\u00fcl, valamint k\u00f6zvetetten \u00f6sszesen k\u00f6zel 1000 f\u0151 volt \u00e9rintett. A ma sor\u00e1n megismerhett\u00e9k az \u00e9rdekl\u0151d\u0151k az egyes sport\u00e1gakat, kipr\u00f3b\u00e1lhatt\u00e1k magukat \u00e9s a partner civil szervezetek tags\u00e1g\u00e1ba bel\u00e9pve, ak\u00e1r a rendszeres sportol\u00e1shoz is csatlakozhattak. Minden \u00e9rdekl\u0151d\u0151nek lehet\u0151s\u00e9ge ny\u00edlt eg\u00e9szs\u00e9gfejleszt\u0151 konzult\u00e1ci\u00f3ra, eg\u00e9szs\u00e9g\u00fcgyi m\u00e9r\u00e9sekre. Az interakt\u00edv sarok keret\u00e9ben folyamatosan t\u00e1j\u00e9koztat\u00f3 filmek vet\u00edt\u00e9s\u00e9re ker\u00fclt sor, valamint demonstr\u00e1ci\u00f3s eszk\u00f6z\u00f6ket lehetett kipr\u00f3b\u00e1lni, p\u00e9ld\u00e1ul: drogos \u00e9s r\u00e9szeg szem\u00fcveget feladatokkal. A helysz\u00ednen sz\u00e9les k\u00f6rben biztos\u00edtottak voltak ingyenesen elvihet\u0151 t\u00e1j\u00e9koztat\u00f3, sz\u00f3r\u00f3anyagok. Ez\u00faton is k\u00f6sz\u00f6nj\u00fck a partnereknek az akt\u00edv k\u00f6zrem\u0171k\u00f6d\u00e9st \u00e9s a lakoss\u00e1gnak r\u00e9szv\u00e9telt! &nbsp;<\/p>\n","protected":false},"author":1,"featured_media":0,"parent":0,"menu_order":0,"comment_status":"closed","ping_status":"closed","template":"","meta":{"ngg_post_thumbnail":0},"_links":{"self":[{"href":"http:\/\/eske.hu\/palyazat\/wp-json\/wp\/v2\/pages\/214"}],"collection":[{"href":"http:\/\/eske.hu\/palyazat\/wp-json\/wp\/v2\/pages"}],"about":[{"href":"http:\/\/eske.hu\/palyazat\/wp-json\/wp\/v2\/types\/page"}],"author":[{"embeddable":true,"href":"http:\/\/eske.hu\/palyazat\/wp-json\/wp\/v2\/users\/1"}],"replies":[{"embeddable":true,"href":"http:\/\/eske.hu\/palyazat\/wp-json\/wp\/v2\/comments?post=214"}],"version-history":[{"count":3,"href":"http:\/\/eske.hu\/palyazat\/wp-json\/wp\/v2\/pages\/214\/revisions"}],"predecessor-version":[{"id":233,"href":"http:\/\/eske.hu\/palyazat\/wp-json\/wp\/v2\/pages\/214\/revisions\/233"}],"wp:attachment":[{"href":"http:\/\/eske.hu\/palyazat\/wp-json\/wp\/v2\/media?parent=214"}],"curies":[{"name":"wp","href":"https:\/\/api.w.org\/{rel}","templated":true}]}}