{"id":247,"date":"2022-09-21T12:47:13","date_gmt":"2022-09-21T12:47:13","guid":{"rendered":"http:\/\/eske.hu\/palyazat\/?page_id=247"},"modified":"2022-09-23T09:02:27","modified_gmt":"2022-09-23T09:02:27","slug":"uj-beszerzesek-uj-lehetosegek","status":"publish","type":"page","link":"http:\/\/eske.hu\/palyazat\/uj-beszerzesek-uj-lehetosegek\/","title":{"rendered":"\u00daj beszerz\u00e9sek, \u00faj lehet\u0151s\u00e9gek"},"content":{"rendered":"<ul style=\"font-weight: 400;\">\n<li style=\"text-align: center;\">Kedvezm\u00e9nyezett neve: <strong>Eg\u00e9szs\u00e9g\u00fcnk\u00e9rt Sport- \u00e9s Kultur\u00e1lis Egyes\u00fclet<\/strong><\/li>\n<li style=\"text-align: center;\">Projekt c\u00edme: <strong>\u00daj beszerz\u00e9sek, \u00faj lehet\u0151s\u00e9gek<\/strong><\/li>\n<li style=\"text-align: center;\">Projekt azonos\u00edt\u00f3sz\u00e1ma: <strong>3337956989<\/strong><\/li>\n<li style=\"text-align: center;\">Projekt megval\u00f3s\u00edt\u00e1s\u00e1nak kezdete: <strong>2022.03.01<\/strong><\/li>\n<li style=\"text-align: center;\">Projekt fizikai megval\u00f3s\u00edt\u00e1s\u00e1nak befejez\u00e9se: <strong>2022.09.30<\/strong><\/li>\n<li style=\"text-align: center;\">Meg\u00edt\u00e9lt t\u00e1mogat\u00e1s: <strong>2.990.990.-Ft<\/strong><\/li>\n<li style=\"text-align: center;\">T\u00e1mogat\u00e1s intenzit\u00e1s: <strong>95%<\/strong><\/li>\n<\/ul>\n<p>Az Eg\u00e9szs\u00e9g\u00fcnk\u00e9rt Sport- \u00e9s Kultur\u00e1lis Egyes\u00fclet t\u00e1mogatott Leader projektj\u00e9nek (projektazonos\u00edt\u00f3: 3337956989) k\u00f6sz\u00f6nhet\u0151en \u00faj eszk\u00f6zbeszerz\u00e9sek val\u00f3sulhattak meg, az egyes\u00fclet sarkadi telephely\u00e9n, a 01002\/5 helyrajzisz\u00e1mon.<\/p>\n<p>Nyertes \u00e1raj\u00e1nlat alapj\u00e1n t\u00f6rt\u00e9nt meg az \u00faj eszk\u00f6z\u00f6k beszerz\u00e9se a projekt keret\u00e9ben. 1 db polcrendszer (1-es t\u00edpus), 1 db polcrendszer (2-es t\u00edpus), 2 db akt\u00edv m\u00e9lysug\u00e1rz\u00f3 hangfal, 2 db \u00e1ll\u00edthat\u00f3 magass\u00e1g\u00fa hangfal\u00e1llv\u00e1ny, szatelit r\u00fad, 2 db csatlakoz\u00f3 k\u00e1bel XLR &#8211; XLR 2,5 m\u00e9ter, 12 db LED-es sz\u00ednpadi der\u00edt\u0151 l\u00e1mpa, 1 db f\u00e9nyvez\u00e9rl\u0151, 11 db csatlakoz\u00f3 k\u00e1bel XLR &#8211; XLR 3 m\u00e9ter, 1 db csatlakoz\u00f3 k\u00e1bel XLR &#8211; XLR 10 m\u00e9ter.<\/p>\n<p>A beszerz\u00e9s k\u00e9t r\u00e9szb\u0151l \u00e9p\u00fclt fel az egyik f\u0151 r\u00e9sz a b\u00fator, a m\u00e1sik a technikai csomag. A b\u00fatorokat h\u00e1rom m\u00e9ret alapj\u00e1n tervezt\u00fck beszerezni, dokument\u00e1ci\u00f3s, archiv\u00e1l\u00e1si \u00e9s eszk\u00f6z t\u00e1rol\u00e1si c\u00e9llal. A technikai eszk\u00f6z\u00f6k eset\u00e9ben a LED-es sz\u00ednpadi der\u00edt\u0151 l\u00e1mpa a nagyobb rendezv\u00e9nyekre sz\u00fcks\u00e9ges. A vez\u00e9rl\u0151nek k\u00f6sz\u00f6nhet\u0151en a statikus vil\u00e1g\u00edt\u00e1s mellett t\u00f6bbf\u00e9le intenzit\u00e1s \u00e1ll\u00edthat\u00f3. A der\u00edt\u0151 l\u00e1mp\u00e1b\u00f3l 12 db ker\u00fclt beszerz\u00e9sre, aminek k\u00f6sz\u00f6nhet\u0151en egy nagyobb, vagy ak\u00e1r p\u00e1rhuzamosan t\u00f6bb kisebb rendezv\u00e9nyen is fel lehet \u00e1ll\u00edtani az eszk\u00f6z\u00f6ket. A hangtechnika eset\u00e9ben k\u00e9t nagy teljes\u00edtm\u00e9ny\u0171, akt\u00edv hangfal ker\u00fclt beszerz\u00e9sre. Az akt\u00edv technik\u00e1nak k\u00f6sz\u00f6nhet\u0151en nem sz\u00fcks\u00e9ges er\u0151s\u00edt\u0151 megv\u00e1s\u00e1rl\u00e1sa a jelforr\u00e1shoz. A k\u00e1belekb\u0151l az\u00e9rt sz\u00fcks\u00e9gesek t\u00f6bb m\u00e9retben mert ilyen csatlakoz\u00f3k sz\u00fcks\u00e9gesek a k\u00e9t \u00faj hangfal mellett a rendezv\u00e9nyeken a mikrofonokhoz is.<\/p>\n<p>&nbsp;<\/p>\n<!-- default-view.php -->\n<div\n\tclass=\"ngg-galleryoverview default-view \"\n\tid=\"ngg-gallery-33d62432e6445f931f80829193eee1c6-1\">\n\n\t\t<!-- Thumbnails -->\n\t\t\t\t<div id=\"ngg-image-0\" class=\"ngg-gallery-thumbnail-box \" >\n\t\t\t\t        <div class=\"ngg-gallery-thumbnail\">\n            <a href=\"http:\/\/eske.hu\/palyazat\/wp-content\/gallery\/eskeleader\/IMG-7961.jpg\"\n               title=\"\"\n               data-src=\"http:\/\/eske.hu\/palyazat\/wp-content\/gallery\/eskeleader\/IMG-7961.jpg\"\n               data-thumbnail=\"http:\/\/eske.hu\/palyazat\/wp-content\/gallery\/eskeleader\/thumbs\/thumbs_IMG-7961.jpg\"\n               data-image-id=\"113\"\n               data-title=\"IMG-7961\"\n               data-description=\"\"\n               data-image-slug=\"img-7961\"\n               class=\"ngg-simplelightbox\" rel=\"33d62432e6445f931f80829193eee1c6\">\n                <img\n                    title=\"IMG-7961\"\n                    alt=\"IMG-7961\"\n                    src=\"http:\/\/eske.hu\/palyazat\/wp-content\/gallery\/eskeleader\/thumbs\/thumbs_IMG-7961.jpg\"\n                    width=\"240\"\n                    height=\"160\"\n                    style=\"max-width:100%;\"\n                \/>\n            <\/a>\n        <\/div>\n\t\t\t\t\t\t\t<\/div> \n\t\t\t\n\t\t\t\t<div id=\"ngg-image-1\" class=\"ngg-gallery-thumbnail-box \" >\n\t\t\t\t        <div class=\"ngg-gallery-thumbnail\">\n            <a href=\"http:\/\/eske.hu\/palyazat\/wp-content\/gallery\/eskeleader\/IMG-7964.jpg\"\n               title=\"\"\n               data-src=\"http:\/\/eske.hu\/palyazat\/wp-content\/gallery\/eskeleader\/IMG-7964.jpg\"\n               data-thumbnail=\"http:\/\/eske.hu\/palyazat\/wp-content\/gallery\/eskeleader\/thumbs\/thumbs_IMG-7964.jpg\"\n               data-image-id=\"114\"\n               data-title=\"IMG-7964\"\n               data-description=\"\"\n               data-image-slug=\"img-7964\"\n               class=\"ngg-simplelightbox\" rel=\"33d62432e6445f931f80829193eee1c6\">\n                <img\n                    title=\"IMG-7964\"\n                    alt=\"IMG-7964\"\n                    src=\"http:\/\/eske.hu\/palyazat\/wp-content\/gallery\/eskeleader\/thumbs\/thumbs_IMG-7964.jpg\"\n                    width=\"240\"\n                    height=\"160\"\n                    style=\"max-width:100%;\"\n                \/>\n            <\/a>\n        <\/div>\n\t\t\t\t\t\t\t<\/div> \n\t\t\t\n\t\t\t\t<div id=\"ngg-image-2\" class=\"ngg-gallery-thumbnail-box \" >\n\t\t\t\t        <div class=\"ngg-gallery-thumbnail\">\n            <a href=\"http:\/\/eske.hu\/palyazat\/wp-content\/gallery\/eskeleader\/IMG-7965.jpg\"\n               title=\"\"\n               data-src=\"http:\/\/eske.hu\/palyazat\/wp-content\/gallery\/eskeleader\/IMG-7965.jpg\"\n               data-thumbnail=\"http:\/\/eske.hu\/palyazat\/wp-content\/gallery\/eskeleader\/thumbs\/thumbs_IMG-7965.jpg\"\n               data-image-id=\"115\"\n               data-title=\"IMG-7965\"\n               data-description=\"\"\n               data-image-slug=\"img-7965\"\n               class=\"ngg-simplelightbox\" rel=\"33d62432e6445f931f80829193eee1c6\">\n                <img\n                    title=\"IMG-7965\"\n                    alt=\"IMG-7965\"\n                    src=\"http:\/\/eske.hu\/palyazat\/wp-content\/gallery\/eskeleader\/thumbs\/thumbs_IMG-7965.jpg\"\n                    width=\"240\"\n                    height=\"160\"\n                    style=\"max-width:100%;\"\n                \/>\n            <\/a>\n        <\/div>\n\t\t\t\t\t\t\t<\/div> \n\t\t\t\n\t\t\t\t<div id=\"ngg-image-3\" class=\"ngg-gallery-thumbnail-box \" >\n\t\t\t\t        <div class=\"ngg-gallery-thumbnail\">\n            <a href=\"http:\/\/eske.hu\/palyazat\/wp-content\/gallery\/eskeleader\/IMG_9567.jpg\"\n               title=\"\"\n               data-src=\"http:\/\/eske.hu\/palyazat\/wp-content\/gallery\/eskeleader\/IMG_9567.jpg\"\n               data-thumbnail=\"http:\/\/eske.hu\/palyazat\/wp-content\/gallery\/eskeleader\/thumbs\/thumbs_IMG_9567.jpg\"\n               data-image-id=\"116\"\n               data-title=\"IMG_9567\"\n               data-description=\"\"\n               data-image-slug=\"img_9567\"\n               class=\"ngg-simplelightbox\" rel=\"33d62432e6445f931f80829193eee1c6\">\n                <img\n                    title=\"IMG_9567\"\n                    alt=\"IMG_9567\"\n                    src=\"http:\/\/eske.hu\/palyazat\/wp-content\/gallery\/eskeleader\/thumbs\/thumbs_IMG_9567.jpg\"\n                    width=\"240\"\n                    height=\"160\"\n                    style=\"max-width:100%;\"\n                \/>\n            <\/a>\n        <\/div>\n\t\t\t\t\t\t\t<\/div> \n\t\t\t\n\t\t\t\t<div id=\"ngg-image-4\" class=\"ngg-gallery-thumbnail-box \" >\n\t\t\t\t        <div class=\"ngg-gallery-thumbnail\">\n            <a href=\"http:\/\/eske.hu\/palyazat\/wp-content\/gallery\/eskeleader\/IMG-3380.jpg\"\n               title=\"\"\n               data-src=\"http:\/\/eske.hu\/palyazat\/wp-content\/gallery\/eskeleader\/IMG-3380.jpg\"\n               data-thumbnail=\"http:\/\/eske.hu\/palyazat\/wp-content\/gallery\/eskeleader\/thumbs\/thumbs_IMG-3380.jpg\"\n               data-image-id=\"117\"\n               data-title=\"IMG-3380\"\n               data-description=\"\"\n               data-image-slug=\"img-3380\"\n               class=\"ngg-simplelightbox\" rel=\"33d62432e6445f931f80829193eee1c6\">\n                <img\n                    title=\"IMG-3380\"\n                    alt=\"IMG-3380\"\n                    src=\"http:\/\/eske.hu\/palyazat\/wp-content\/gallery\/eskeleader\/thumbs\/thumbs_IMG-3380.jpg\"\n                    width=\"240\"\n                    height=\"160\"\n                    style=\"max-width:100%;\"\n                \/>\n            <\/a>\n        <\/div>\n\t\t\t\t\t\t\t<\/div> \n\t\t\t\n\t\t\t\t<div id=\"ngg-image-5\" class=\"ngg-gallery-thumbnail-box \" >\n\t\t\t\t        <div class=\"ngg-gallery-thumbnail\">\n            <a href=\"http:\/\/eske.hu\/palyazat\/wp-content\/gallery\/eskeleader\/IMG-3384.jpg\"\n               title=\"\"\n               data-src=\"http:\/\/eske.hu\/palyazat\/wp-content\/gallery\/eskeleader\/IMG-3384.jpg\"\n               data-thumbnail=\"http:\/\/eske.hu\/palyazat\/wp-content\/gallery\/eskeleader\/thumbs\/thumbs_IMG-3384.jpg\"\n               data-image-id=\"118\"\n               data-title=\"IMG-3384\"\n               data-description=\"\"\n               data-image-slug=\"img-3384\"\n               class=\"ngg-simplelightbox\" rel=\"33d62432e6445f931f80829193eee1c6\">\n                <img\n                    title=\"IMG-3384\"\n                    alt=\"IMG-3384\"\n                    src=\"http:\/\/eske.hu\/palyazat\/wp-content\/gallery\/eskeleader\/thumbs\/thumbs_IMG-3384.jpg\"\n                    width=\"240\"\n                    height=\"160\"\n                    style=\"max-width:100%;\"\n                \/>\n            <\/a>\n        <\/div>\n\t\t\t\t\t\t\t<\/div> \n\t\t\t\n\t\t\t\t<div id=\"ngg-image-6\" class=\"ngg-gallery-thumbnail-box \" >\n\t\t\t\t        <div class=\"ngg-gallery-thumbnail\">\n            <a href=\"http:\/\/eske.hu\/palyazat\/wp-content\/gallery\/eskeleader\/IMG-7933.jpg\"\n               title=\"\"\n               data-src=\"http:\/\/eske.hu\/palyazat\/wp-content\/gallery\/eskeleader\/IMG-7933.jpg\"\n               data-thumbnail=\"http:\/\/eske.hu\/palyazat\/wp-content\/gallery\/eskeleader\/thumbs\/thumbs_IMG-7933.jpg\"\n               data-image-id=\"119\"\n               data-title=\"IMG-7933\"\n               data-description=\"\"\n               data-image-slug=\"img-7933\"\n               class=\"ngg-simplelightbox\" rel=\"33d62432e6445f931f80829193eee1c6\">\n                <img\n                    title=\"IMG-7933\"\n                    alt=\"IMG-7933\"\n                    src=\"http:\/\/eske.hu\/palyazat\/wp-content\/gallery\/eskeleader\/thumbs\/thumbs_IMG-7933.jpg\"\n                    width=\"240\"\n                    height=\"160\"\n                    style=\"max-width:100%;\"\n                \/>\n            <\/a>\n        <\/div>\n\t\t\t\t\t\t\t<\/div> \n\t\t\t\n\t\t\t\t<div id=\"ngg-image-7\" class=\"ngg-gallery-thumbnail-box \" >\n\t\t\t\t        <div class=\"ngg-gallery-thumbnail\">\n            <a href=\"http:\/\/eske.hu\/palyazat\/wp-content\/gallery\/eskeleader\/IMG-7939.jpg\"\n               title=\"\"\n               data-src=\"http:\/\/eske.hu\/palyazat\/wp-content\/gallery\/eskeleader\/IMG-7939.jpg\"\n               data-thumbnail=\"http:\/\/eske.hu\/palyazat\/wp-content\/gallery\/eskeleader\/thumbs\/thumbs_IMG-7939.jpg\"\n               data-image-id=\"120\"\n               data-title=\"IMG-7939\"\n               data-description=\"\"\n               data-image-slug=\"img-7939\"\n               class=\"ngg-simplelightbox\" rel=\"33d62432e6445f931f80829193eee1c6\">\n                <img\n                    title=\"IMG-7939\"\n                    alt=\"IMG-7939\"\n                    src=\"http:\/\/eske.hu\/palyazat\/wp-content\/gallery\/eskeleader\/thumbs\/thumbs_IMG-7939.jpg\"\n                    width=\"240\"\n                    height=\"160\"\n                    style=\"max-width:100%;\"\n                \/>\n            <\/a>\n        <\/div>\n\t\t\t\t\t\t\t<\/div> \n\t\t\t\n\t\t\t\t<div id=\"ngg-image-8\" class=\"ngg-gallery-thumbnail-box \" >\n\t\t\t\t        <div class=\"ngg-gallery-thumbnail\">\n            <a href=\"http:\/\/eske.hu\/palyazat\/wp-content\/gallery\/eskeleader\/IMG-7943.jpg\"\n               title=\"\"\n               data-src=\"http:\/\/eske.hu\/palyazat\/wp-content\/gallery\/eskeleader\/IMG-7943.jpg\"\n               data-thumbnail=\"http:\/\/eske.hu\/palyazat\/wp-content\/gallery\/eskeleader\/thumbs\/thumbs_IMG-7943.jpg\"\n               data-image-id=\"121\"\n               data-title=\"IMG-7943\"\n               data-description=\"\"\n               data-image-slug=\"img-7943\"\n               class=\"ngg-simplelightbox\" rel=\"33d62432e6445f931f80829193eee1c6\">\n                <img\n                    title=\"IMG-7943\"\n                    alt=\"IMG-7943\"\n                    src=\"http:\/\/eske.hu\/palyazat\/wp-content\/gallery\/eskeleader\/thumbs\/thumbs_IMG-7943.jpg\"\n                    width=\"240\"\n                    height=\"160\"\n                    style=\"max-width:100%;\"\n                \/>\n            <\/a>\n        <\/div>\n\t\t\t\t\t\t\t<\/div> \n\t\t\t\n\t\t\t\t<div id=\"ngg-image-9\" class=\"ngg-gallery-thumbnail-box \" >\n\t\t\t\t        <div class=\"ngg-gallery-thumbnail\">\n            <a href=\"http:\/\/eske.hu\/palyazat\/wp-content\/gallery\/eskeleader\/IMG-7947.jpg\"\n               title=\"\"\n               data-src=\"http:\/\/eske.hu\/palyazat\/wp-content\/gallery\/eskeleader\/IMG-7947.jpg\"\n               data-thumbnail=\"http:\/\/eske.hu\/palyazat\/wp-content\/gallery\/eskeleader\/thumbs\/thumbs_IMG-7947.jpg\"\n               data-image-id=\"122\"\n               data-title=\"IMG-7947\"\n               data-description=\"\"\n               data-image-slug=\"img-7947\"\n               class=\"ngg-simplelightbox\" rel=\"33d62432e6445f931f80829193eee1c6\">\n                <img\n                    title=\"IMG-7947\"\n                    alt=\"IMG-7947\"\n                    src=\"http:\/\/eske.hu\/palyazat\/wp-content\/gallery\/eskeleader\/thumbs\/thumbs_IMG-7947.jpg\"\n                    width=\"240\"\n                    height=\"160\"\n                    style=\"max-width:100%;\"\n                \/>\n            <\/a>\n        <\/div>\n\t\t\t\t\t\t\t<\/div> \n\t\t\t\n\t\n\t<br style=\"clear: both\" \/>\n\n\t\n\t\t<!-- Pagination -->\n\t<div class='ngg-clear'><\/div>\t<\/div>\n\n","protected":false},"excerpt":{"rendered":"<p>Kedvezm\u00e9nyezett neve: Eg\u00e9szs\u00e9g\u00fcnk\u00e9rt Sport- \u00e9s Kultur\u00e1lis Egyes\u00fclet Projekt c\u00edme: \u00daj beszerz\u00e9sek, \u00faj lehet\u0151s\u00e9gek Projekt azonos\u00edt\u00f3sz\u00e1ma: 3337956989 Projekt megval\u00f3s\u00edt\u00e1s\u00e1nak kezdete: 2022.03.01 Projekt fizikai megval\u00f3s\u00edt\u00e1s\u00e1nak befejez\u00e9se: 2022.09.30 Meg\u00edt\u00e9lt t\u00e1mogat\u00e1s: 2.990.990.-Ft T\u00e1mogat\u00e1s intenzit\u00e1s: 95% Az Eg\u00e9szs\u00e9g\u00fcnk\u00e9rt Sport- \u00e9s Kultur\u00e1lis Egyes\u00fclet t\u00e1mogatott Leader projektj\u00e9nek (projektazonos\u00edt\u00f3: 3337956989) k\u00f6sz\u00f6nhet\u0151en \u00faj eszk\u00f6zbeszerz\u00e9sek val\u00f3sulhattak meg, az egyes\u00fclet sarkadi telephely\u00e9n, a 01002\/5 helyrajzisz\u00e1mon. Nyertes \u00e1raj\u00e1nlat alapj\u00e1n t\u00f6rt\u00e9nt meg az \u00faj eszk\u00f6z\u00f6k beszerz\u00e9se a projekt keret\u00e9ben. 1 db polcrendszer (1-es t\u00edpus), 1 db polcrendszer (2-es t\u00edpus), 2 db akt\u00edv m\u00e9lysug\u00e1rz\u00f3 hangfal, 2 db \u00e1ll\u00edthat\u00f3 magass\u00e1g\u00fa hangfal\u00e1llv\u00e1ny, szatelit r\u00fad, 2 db csatlakoz\u00f3 k\u00e1bel XLR &#8211; XLR 2,5 m\u00e9ter, 12 db LED-es sz\u00ednpadi der\u00edt\u0151 l\u00e1mpa, 1 db f\u00e9nyvez\u00e9rl\u0151, 11 db csatlakoz\u00f3 k\u00e1bel XLR &#8211; XLR 3 m\u00e9ter, 1 db csatlakoz\u00f3 k\u00e1bel XLR &#8211; XLR 10 m\u00e9ter. A beszerz\u00e9s k\u00e9t r\u00e9szb\u0151l \u00e9p\u00fclt fel az egyik f\u0151 r\u00e9sz a b\u00fator, a m\u00e1sik a technikai csomag. A b\u00fatorokat h\u00e1rom m\u00e9ret alapj\u00e1n tervezt\u00fck beszerezni, dokument\u00e1ci\u00f3s, archiv\u00e1l\u00e1si \u00e9s eszk\u00f6z t\u00e1rol\u00e1si c\u00e9llal. A technikai eszk\u00f6z\u00f6k eset\u00e9ben a LED-es sz\u00ednpadi der\u00edt\u0151 l\u00e1mpa a nagyobb rendezv\u00e9nyekre sz\u00fcks\u00e9ges. A vez\u00e9rl\u0151nek k\u00f6sz\u00f6nhet\u0151en a statikus vil\u00e1g\u00edt\u00e1s mellett t\u00f6bbf\u00e9le intenzit\u00e1s \u00e1ll\u00edthat\u00f3. A der\u00edt\u0151 l\u00e1mp\u00e1b\u00f3l 12 db ker\u00fclt beszerz\u00e9sre, aminek k\u00f6sz\u00f6nhet\u0151en egy nagyobb, vagy ak\u00e1r p\u00e1rhuzamosan t\u00f6bb kisebb rendezv\u00e9nyen is fel lehet \u00e1ll\u00edtani az eszk\u00f6z\u00f6ket. A hangtechnika eset\u00e9ben k\u00e9t nagy teljes\u00edtm\u00e9ny\u0171, akt\u00edv hangfal ker\u00fclt beszerz\u00e9sre. Az akt\u00edv technik\u00e1nak k\u00f6sz\u00f6nhet\u0151en nem sz\u00fcks\u00e9ges er\u0151s\u00edt\u0151 megv\u00e1s\u00e1rl\u00e1sa a jelforr\u00e1shoz. A k\u00e1belekb\u0151l az\u00e9rt sz\u00fcks\u00e9gesek t\u00f6bb m\u00e9retben mert ilyen csatlakoz\u00f3k sz\u00fcks\u00e9gesek a k\u00e9t \u00faj hangfal mellett a rendezv\u00e9nyeken a mikrofonokhoz is. &nbsp;<\/p>\n","protected":false},"author":1,"featured_media":0,"parent":0,"menu_order":0,"comment_status":"closed","ping_status":"closed","template":"","meta":{"ngg_post_thumbnail":0},"_links":{"self":[{"href":"http:\/\/eske.hu\/palyazat\/wp-json\/wp\/v2\/pages\/247"}],"collection":[{"href":"http:\/\/eske.hu\/palyazat\/wp-json\/wp\/v2\/pages"}],"about":[{"href":"http:\/\/eske.hu\/palyazat\/wp-json\/wp\/v2\/types\/page"}],"author":[{"embeddable":true,"href":"http:\/\/eske.hu\/palyazat\/wp-json\/wp\/v2\/users\/1"}],"replies":[{"embeddable":true,"href":"http:\/\/eske.hu\/palyazat\/wp-json\/wp\/v2\/comments?post=247"}],"version-history":[{"count":3,"href":"http:\/\/eske.hu\/palyazat\/wp-json\/wp\/v2\/pages\/247\/revisions"}],"predecessor-version":[{"id":250,"href":"http:\/\/eske.hu\/palyazat\/wp-json\/wp\/v2\/pages\/247\/revisions\/250"}],"wp:attachment":[{"href":"http:\/\/eske.hu\/palyazat\/wp-json\/wp\/v2\/media?parent=247"}],"curies":[{"name":"wp","href":"https:\/\/api.w.org\/{rel}","templated":true}]}}